{"id":13627,"date":"2023-02-10T23:28:59","date_gmt":"2023-02-10T19:28:59","guid":{"rendered":"https:\/\/www.reliabytics.com\/?page_id=13627"},"modified":"2026-02-19T20:04:55","modified_gmt":"2026-02-19T16:04:55","slug":"blog-relia-wiki","status":"publish","type":"page","link":"https:\/\/reliabytics.com\/en\/blog-relia-wiki\/","title":{"rendered":"Blog Relia-Wiki"},"content":{"rendered":"<div data-elementor-type=\"wp-page\" data-elementor-id=\"13627\" class=\"elementor elementor-13627\" data-elementor-post-type=\"page\">\n\t\t\t\t\t\t<section class=\"elementor-section elementor-top-section elementor-element elementor-element-4fc8851 elementor-section-boxed elementor-section-height-default elementor-section-height-default wpr-particle-no wpr-jarallax-no wpr-parallax-no wpr-sticky-section-no\" data-id=\"4fc8851\" data-element_type=\"section\" data-e-type=\"section\">\n\t\t\t\t\t\t<div class=\"elementor-container elementor-column-gap-no\">\n\t\t\t\t\t<div class=\"elementor-column elementor-col-50 elementor-top-column elementor-element elementor-element-d8729e3\" data-id=\"d8729e3\" data-element_type=\"column\" data-e-type=\"column\">\n\t\t\t<div class=\"elementor-widget-wrap elementor-element-populated\">\n\t\t\t\t\t\t<div class=\"elementor-element elementor-element-d20bbea elementor-widget elementor-widget-image\" data-id=\"d20bbea\" data-element_type=\"widget\" data-e-type=\"widget\" data-widget_type=\"image.default\">\n\t\t\t\t<div class=\"elementor-widget-container\">\n\t\t\t\t\t\t\t\t\t\t\t\t\t\t\t<img fetchpriority=\"high\" decoding=\"async\" width=\"556\" height=\"508\" src=\"https:\/\/www.reliabytics.com\/wp-content\/uploads\/2023\/02\/Untitled-design-13-e1675380933875.png\" class=\"attachment-full size-full wp-image-12251\" alt=\"\" srcset=\"https:\/\/www.reliabytics.com\/wp-content\/uploads\/2023\/02\/Untitled-design-13-e1675380933875.png 556w, https:\/\/www.reliabytics.com\/wp-content\/uploads\/2023\/02\/Untitled-design-13-e1675380933875-300x274.png 300w\" sizes=\"(max-width: 556px) 100vw, 556px\" \/>\t\t\t\t\t\t\t\t\t\t\t\t\t\t\t<\/div>\n\t\t\t\t<\/div>\n\t\t\t\t\t<\/div>\n\t\t<\/div>\n\t\t\t\t<div class=\"elementor-column elementor-col-50 elementor-top-column elementor-element elementor-element-874c4e3\" data-id=\"874c4e3\" data-element_type=\"column\" data-e-type=\"column\">\n\t\t\t<div class=\"elementor-widget-wrap elementor-element-populated\">\n\t\t\t\t\t\t<div class=\"elementor-element elementor-element-48cb8e8 elementor-widget elementor-widget-heading\" data-id=\"48cb8e8\" data-element_type=\"widget\" data-e-type=\"widget\" data-widget_type=\"heading.default\">\n\t\t\t\t<div class=\"elementor-widget-container\">\n\t\t\t\t\t<h1 class=\"elementor-heading-title elementor-size-default\">Blog Relia-Wiki<\/h1>\t\t\t\t<\/div>\n\t\t\t\t<\/div>\n\t\t\t\t\t<\/div>\n\t\t<\/div>\n\t\t\t\t\t<\/div>\n\t\t<\/section>\n\t\t\t\t<section class=\"elementor-section elementor-top-section elementor-element elementor-element-96e3979 elementor-section-boxed elementor-section-height-default elementor-section-height-default wpr-particle-no wpr-jarallax-no wpr-parallax-no wpr-sticky-section-no\" data-id=\"96e3979\" data-element_type=\"section\" data-e-type=\"section\" data-settings=\"{&quot;background_background&quot;:&quot;classic&quot;}\">\n\t\t\t\t\t\t<div class=\"elementor-container elementor-column-gap-default\">\n\t\t\t\t\t<div class=\"elementor-column elementor-col-100 elementor-top-column elementor-element elementor-element-122d72f\" data-id=\"122d72f\" data-element_type=\"column\" data-e-type=\"column\">\n\t\t\t<div class=\"elementor-widget-wrap elementor-element-populated\">\n\t\t\t\t\t\t<div class=\"elementor-element elementor-element-cb39abd elementor-grid-3 elementor-grid-tablet-2 elementor-grid-mobile-1 elementor-posts--thumbnail-top elementor-posts--show-avatar elementor-card-shadow-yes elementor-posts__hover-gradient elementor-widget elementor-widget-posts\" data-id=\"cb39abd\" data-element_type=\"widget\" data-e-type=\"widget\" data-settings=\"{&quot;cards_columns&quot;:&quot;3&quot;,&quot;cards_columns_tablet&quot;:&quot;2&quot;,&quot;cards_columns_mobile&quot;:&quot;1&quot;,&quot;cards_row_gap&quot;:{&quot;unit&quot;:&quot;px&quot;,&quot;size&quot;:35,&quot;sizes&quot;:[]},&quot;cards_row_gap_tablet&quot;:{&quot;unit&quot;:&quot;px&quot;,&quot;size&quot;:&quot;&quot;,&quot;sizes&quot;:[]},&quot;cards_row_gap_mobile&quot;:{&quot;unit&quot;:&quot;px&quot;,&quot;size&quot;:&quot;&quot;,&quot;sizes&quot;:[]}}\" data-widget_type=\"posts.cards\">\n\t\t\t\t<div class=\"elementor-widget-container\">\n\t\t\t\t\t\t\t<div class=\"elementor-posts-container elementor-posts elementor-posts--skin-cards elementor-grid\" role=\"list\">\n\t\t\t\t<article class=\"elementor-post elementor-grid-item post-14529 post type-post status-publish format-standard has-post-thumbnail hentry category-transfproc tag-reliabytics\" role=\"listitem\">\n\t\t\t<div class=\"elementor-post__card\">\n\t\t\t\t<a class=\"elementor-post__thumbnail__link\" href=\"https:\/\/reliabytics.com\/en\/alcanzando-la-excelencia-operacional\/\" tabindex=\"-1\" ><div class=\"elementor-post__thumbnail\"><img decoding=\"async\" width=\"300\" height=\"138\" src=\"https:\/\/reliabytics.com\/wp-content\/uploads\/2026\/03\/blog-tactica-300x138.jpg\" class=\"attachment-medium size-medium wp-image-14531\" alt=\"Alcanzar la excelencia operacional\" srcset=\"https:\/\/reliabytics.com\/wp-content\/uploads\/2026\/03\/blog-tactica-300x138.jpg 300w, https:\/\/reliabytics.com\/wp-content\/uploads\/2026\/03\/blog-tactica-1024x471.jpg 1024w, https:\/\/reliabytics.com\/wp-content\/uploads\/2026\/03\/blog-tactica-768x353.jpg 768w, https:\/\/reliabytics.com\/wp-content\/uploads\/2026\/03\/blog-tactica-18x8.jpg 18w, https:\/\/reliabytics.com\/wp-content\/uploads\/2026\/03\/blog-tactica.jpg 1353w\" sizes=\"(max-width: 300px) 100vw, 300px\" \/><\/div><\/a>\n\t\t\t\t<div class=\"elementor-post__badge\">Transformaci\u00f3n de Procesos de Trabajo<\/div>\n\t\t\t\t<div class=\"elementor-post__avatar\">\n\t\t\t<img alt='bloger' src='https:\/\/reliabytics.com\/wp-content\/litespeed\/avatar\/c887d1e15faf5a95cf1f12fffe5582d3.jpg?ver=1775222360' srcset='https:\/\/reliabytics.com\/wp-content\/litespeed\/avatar\/99ea72e2d2cf455518ebae12398c1320.jpg?ver=1775222360 2x' class='avatar avatar-128 photo' height='128' width='128' \/>\t\t<\/div>\n\t\t\t\t<div class=\"elementor-post__text\">\n\t\t\t\t<h3 class=\"elementor-post__title\">\n\t\t\t<a href=\"https:\/\/reliabytics.com\/en\/alcanzando-la-excelencia-operacional\/\" >\n\t\t\t\tAlcanzando la Excelencia Operacional\t\t\t<\/a>\n\t\t<\/h3>\n\t\t\n\t\t<a class=\"elementor-post__read-more\" href=\"https:\/\/reliabytics.com\/en\/alcanzando-la-excelencia-operacional\/\" aria-label=\"Read more about Alcanzando la Excelencia Operacional\" tabindex=\"-1\" >\n\t\t\tREAD MORE \u00bb\t\t<\/a>\n\n\t\t\t\t<\/div>\n\t\t\t\t<div class=\"elementor-post__meta-data\">\n\t\t\t\t\t<span class=\"elementor-post-date\">\n\t\t\t2026-03-12\t\t<\/span>\n\t\t\t\t<span class=\"elementor-post-avatar\">\n\t\t\tNo Comments\t\t<\/span>\n\t\t\t\t<\/div>\n\t\t\t\t\t<\/div>\n\t\t<\/article>\n\t\t\t\t<article class=\"elementor-post elementor-grid-item post-14467 post type-post status-publish format-standard has-post-thumbnail hentry category-uncategorized tag-agilidad tag-apm tag-gestion-agil-de-activos tag-reliabytics\" role=\"listitem\">\n\t\t\t<div class=\"elementor-post__card\">\n\t\t\t\t<a class=\"elementor-post__thumbnail__link\" href=\"https:\/\/reliabytics.com\/en\/el-lenguaje-del-valor-rompiendo-la-barrera-tecnica\/\" tabindex=\"-1\" ><div class=\"elementor-post__thumbnail\"><img decoding=\"async\" width=\"300\" height=\"115\" src=\"https:\/\/reliabytics.com\/wp-content\/uploads\/2026\/03\/Reliabytics-Blog-1-300x115.jpg\" class=\"attachment-medium size-medium wp-image-14483\" alt=\"\" srcset=\"https:\/\/reliabytics.com\/wp-content\/uploads\/2026\/03\/Reliabytics-Blog-1-300x115.jpg 300w, https:\/\/reliabytics.com\/wp-content\/uploads\/2026\/03\/Reliabytics-Blog-1-768x295.jpg 768w, https:\/\/reliabytics.com\/wp-content\/uploads\/2026\/03\/Reliabytics-Blog-1-18x7.jpg 18w, https:\/\/reliabytics.com\/wp-content\/uploads\/2026\/03\/Reliabytics-Blog-1.jpg 787w\" sizes=\"(max-width: 300px) 100vw, 300px\" \/><\/div><\/a>\n\t\t\t\t<div class=\"elementor-post__badge\">Uncategorized<\/div>\n\t\t\t\t<div class=\"elementor-post__avatar\">\n\t\t\t<img alt='bloger' src='https:\/\/reliabytics.com\/wp-content\/litespeed\/avatar\/c887d1e15faf5a95cf1f12fffe5582d3.jpg?ver=1775222360' srcset='https:\/\/reliabytics.com\/wp-content\/litespeed\/avatar\/99ea72e2d2cf455518ebae12398c1320.jpg?ver=1775222360 2x' class='avatar avatar-128 photo' height='128' width='128' \/>\t\t<\/div>\n\t\t\t\t<div class=\"elementor-post__text\">\n\t\t\t\t<h3 class=\"elementor-post__title\">\n\t\t\t<a href=\"https:\/\/reliabytics.com\/en\/el-lenguaje-del-valor-rompiendo-la-barrera-tecnica\/\" >\n\t\t\t\tEL LENGUAJE DEL VALOR: Rompiendo la barrera t\u00e9cnica\t\t\t<\/a>\n\t\t<\/h3>\n\t\t\n\t\t<a class=\"elementor-post__read-more\" href=\"https:\/\/reliabytics.com\/en\/el-lenguaje-del-valor-rompiendo-la-barrera-tecnica\/\" aria-label=\"Read more about EL LENGUAJE DEL VALOR: Rompiendo la barrera t\u00e9cnica\" tabindex=\"-1\" >\n\t\t\tREAD MORE \u00bb\t\t<\/a>\n\n\t\t\t\t<\/div>\n\t\t\t\t<div class=\"elementor-post__meta-data\">\n\t\t\t\t\t<span class=\"elementor-post-date\">\n\t\t\t2026-03-03\t\t<\/span>\n\t\t\t\t<span class=\"elementor-post-avatar\">\n\t\t\tNo Comments\t\t<\/span>\n\t\t\t\t<\/div>\n\t\t\t\t\t<\/div>\n\t\t<\/article>\n\t\t\t\t<article class=\"elementor-post elementor-grid-item post-14348 post type-post status-publish format-standard has-post-thumbnail hentry category-transfproc tag-taxonomia-de-activos\" role=\"listitem\">\n\t\t\t<div class=\"elementor-post__card\">\n\t\t\t\t<a class=\"elementor-post__thumbnail__link\" href=\"https:\/\/reliabytics.com\/en\/por-que-es-clave-tener-una-buena-taxonomia-de-activos\/\" tabindex=\"-1\" ><div class=\"elementor-post__thumbnail\"><img loading=\"lazy\" decoding=\"async\" width=\"300\" height=\"300\" src=\"https:\/\/reliabytics.com\/wp-content\/uploads\/2025\/06\/Gemini_Generated_Image_pcsl08pcsl08pcsl-300x300.png\" class=\"attachment-medium size-medium wp-image-14478\" alt=\"\" srcset=\"https:\/\/reliabytics.com\/wp-content\/uploads\/2025\/06\/Gemini_Generated_Image_pcsl08pcsl08pcsl-300x300.png 300w, https:\/\/reliabytics.com\/wp-content\/uploads\/2025\/06\/Gemini_Generated_Image_pcsl08pcsl08pcsl-150x150.png 150w, https:\/\/reliabytics.com\/wp-content\/uploads\/2025\/06\/Gemini_Generated_Image_pcsl08pcsl08pcsl-768x768.png 768w, https:\/\/reliabytics.com\/wp-content\/uploads\/2025\/06\/Gemini_Generated_Image_pcsl08pcsl08pcsl-12x12.png 12w, https:\/\/reliabytics.com\/wp-content\/uploads\/2025\/06\/Gemini_Generated_Image_pcsl08pcsl08pcsl.png 1024w\" sizes=\"(max-width: 300px) 100vw, 300px\" \/><\/div><\/a>\n\t\t\t\t<div class=\"elementor-post__badge\">Transformaci\u00f3n de Procesos de Trabajo<\/div>\n\t\t\t\t<div class=\"elementor-post__avatar\">\n\t\t\t<img alt='bloger' src='https:\/\/reliabytics.com\/wp-content\/litespeed\/avatar\/c887d1e15faf5a95cf1f12fffe5582d3.jpg?ver=1775222360' srcset='https:\/\/reliabytics.com\/wp-content\/litespeed\/avatar\/99ea72e2d2cf455518ebae12398c1320.jpg?ver=1775222360 2x' class='avatar avatar-128 photo' height='128' width='128' \/>\t\t<\/div>\n\t\t\t\t<div class=\"elementor-post__text\">\n\t\t\t\t<h3 class=\"elementor-post__title\">\n\t\t\t<a href=\"https:\/\/reliabytics.com\/en\/por-que-es-clave-tener-una-buena-taxonomia-de-activos\/\" >\n\t\t\t\t\u00bfPor qu\u00e9 es clave tener una buena taxonom\u00eda de activos?\t\t\t<\/a>\n\t\t<\/h3>\n\t\t\n\t\t<a class=\"elementor-post__read-more\" href=\"https:\/\/reliabytics.com\/en\/por-que-es-clave-tener-una-buena-taxonomia-de-activos\/\" aria-label=\"Read more about \u00bfPor qu\u00e9 es clave tener una buena taxonom\u00eda de activos?\" tabindex=\"-1\" >\n\t\t\tREAD MORE \u00bb\t\t<\/a>\n\n\t\t\t\t<\/div>\n\t\t\t\t<div class=\"elementor-post__meta-data\">\n\t\t\t\t\t<span class=\"elementor-post-date\">\n\t\t\t2025-06-23\t\t<\/span>\n\t\t\t\t<span class=\"elementor-post-avatar\">\n\t\t\tNo Comments\t\t<\/span>\n\t\t\t\t<\/div>\n\t\t\t\t\t<\/div>\n\t\t<\/article>\n\t\t\t\t<article class=\"elementor-post elementor-grid-item post-14307 post type-post status-publish format-standard hentry category-capdat category-iiot tag-optimizacion tag-reliabytics\" role=\"listitem\">\n\t\t\t<div class=\"elementor-post__card\">\n\t\t\t\t<div class=\"elementor-post__text\">\n\t\t\t\t<h3 class=\"elementor-post__title\">\n\t\t\t<a href=\"https:\/\/reliabytics.com\/en\/la-velocidad-de-la-confiabilidad-como-las-personas-los-procesos-de-trabajo-y-la-tecnologia-estan-transformando-la-gestion-de-activos\/\" >\n\t\t\t\tLa velocidad de la confiabilidad: c\u00f3mo las personas, los procesos de trabajo y la tecnolog\u00eda, est\u00e1n transformando la gesti\u00f3n de activos\u00a0\t\t\t<\/a>\n\t\t<\/h3>\n\t\t\n\t\t<a class=\"elementor-post__read-more\" href=\"https:\/\/reliabytics.com\/en\/la-velocidad-de-la-confiabilidad-como-las-personas-los-procesos-de-trabajo-y-la-tecnologia-estan-transformando-la-gestion-de-activos\/\" aria-label=\"Read more about La velocidad de la confiabilidad: c\u00f3mo las personas, los procesos de trabajo y la tecnolog\u00eda, est\u00e1n transformando la gesti\u00f3n de activos\u00a0\" tabindex=\"-1\" >\n\t\t\tREAD MORE \u00bb\t\t<\/a>\n\n\t\t\t\t<\/div>\n\t\t\t\t<div class=\"elementor-post__meta-data\">\n\t\t\t\t\t<span class=\"elementor-post-date\">\n\t\t\t2025-04-22\t\t<\/span>\n\t\t\t\t<span class=\"elementor-post-avatar\">\n\t\t\tNo Comments\t\t<\/span>\n\t\t\t\t<\/div>\n\t\t\t\t\t<\/div>\n\t\t<\/article>\n\t\t\t\t<article class=\"elementor-post elementor-grid-item post-14304 post type-post status-publish format-standard hentry category-uncategorized tag-apm tag-gestion-agil-de-activos tag-optimizacion tag-reliabytics\" role=\"listitem\">\n\t\t\t<div class=\"elementor-post__card\">\n\t\t\t\t<div class=\"elementor-post__text\">\n\t\t\t\t<h3 class=\"elementor-post__title\">\n\t\t\t<a href=\"https:\/\/reliabytics.com\/en\/gestion-del-rendimiento-de-activos-enfoque-holistico-para-la-optimizacion\/\" >\n\t\t\t\tGesti\u00f3n del rendimiento de activos: Enfoque hol\u00edstico para la optimizaci\u00f3n\t\t\t<\/a>\n\t\t<\/h3>\n\t\t\n\t\t<a class=\"elementor-post__read-more\" href=\"https:\/\/reliabytics.com\/en\/gestion-del-rendimiento-de-activos-enfoque-holistico-para-la-optimizacion\/\" aria-label=\"Read more about Gesti\u00f3n del rendimiento de activos: Enfoque hol\u00edstico para la optimizaci\u00f3n\" tabindex=\"-1\" >\n\t\t\tREAD MORE \u00bb\t\t<\/a>\n\n\t\t\t\t<\/div>\n\t\t\t\t<div class=\"elementor-post__meta-data\">\n\t\t\t\t\t<span class=\"elementor-post-date\">\n\t\t\t2025-03-19\t\t<\/span>\n\t\t\t\t<span class=\"elementor-post-avatar\">\n\t\t\tNo Comments\t\t<\/span>\n\t\t\t\t<\/div>\n\t\t\t\t\t<\/div>\n\t\t<\/article>\n\t\t\t\t<article class=\"elementor-post elementor-grid-item post-14300 post type-post status-publish format-standard hentry category-uncategorized tag-agilidad tag-calidad-del-dato tag-reliabytics\" role=\"listitem\">\n\t\t\t<div class=\"elementor-post__card\">\n\t\t\t\t<div class=\"elementor-post__text\">\n\t\t\t\t<h3 class=\"elementor-post__title\">\n\t\t\t<a href=\"https:\/\/reliabytics.com\/en\/aplicacion-del-marco-agil-en-proyectos-de-gestion-de-activos-caso-calidad-e-integridad-de-datos\/\" >\n\t\t\t\tAplicaci\u00f3n del marco \u00e1gil en proyectos de gesti\u00f3n de activos: caso calidad e integridad de datos\t\t\t<\/a>\n\t\t<\/h3>\n\t\t\n\t\t<a class=\"elementor-post__read-more\" href=\"https:\/\/reliabytics.com\/en\/aplicacion-del-marco-agil-en-proyectos-de-gestion-de-activos-caso-calidad-e-integridad-de-datos\/\" aria-label=\"Read more about Aplicaci\u00f3n del marco \u00e1gil en proyectos de gesti\u00f3n de activos: caso calidad e integridad de datos\" tabindex=\"-1\" >\n\t\t\tREAD MORE \u00bb\t\t<\/a>\n\n\t\t\t\t<\/div>\n\t\t\t\t<div class=\"elementor-post__meta-data\">\n\t\t\t\t\t<span class=\"elementor-post-date\">\n\t\t\t2025-02-18\t\t<\/span>\n\t\t\t\t<span class=\"elementor-post-avatar\">\n\t\t\tNo Comments\t\t<\/span>\n\t\t\t\t<\/div>\n\t\t\t\t\t<\/div>\n\t\t<\/article>\n\t\t\t\t<\/div>\n\t\t\n\t\t\t\t\t\t<\/div>\n\t\t\t\t<\/div>\n\t\t\t\t\t<\/div>\n\t\t<\/div>\n\t\t\t\t\t<\/div>\n\t\t<\/section>\n\t\t\t\t<\/div>","protected":false},"excerpt":{"rendered":"<p>Blog Relia-Wiki<\/p>","protected":false},"author":1,"featured_media":0,"parent":0,"menu_order":0,"comment_status":"closed","ping_status":"open","template":"elementor_header_footer","meta":{"_monsterinsights_skip_tracking":false,"_monsterinsights_sitenote_active":false,"_monsterinsights_sitenote_note":"","_monsterinsights_sitenote_category":0,"footnotes":""},"class_list":["post-13627","page","type-page","status-publish","hentry"],"_links":{"self":[{"href":"https:\/\/reliabytics.com\/en\/wp-json\/wp\/v2\/pages\/13627","targetHints":{"allow":["GET"]}}],"collection":[{"href":"https:\/\/reliabytics.com\/en\/wp-json\/wp\/v2\/pages"}],"about":[{"href":"https:\/\/reliabytics.com\/en\/wp-json\/wp\/v2\/types\/page"}],"author":[{"embeddable":true,"href":"https:\/\/reliabytics.com\/en\/wp-json\/wp\/v2\/users\/1"}],"replies":[{"embeddable":true,"href":"https:\/\/reliabytics.com\/en\/wp-json\/wp\/v2\/comments?post=13627"}],"version-history":[{"count":6,"href":"https:\/\/reliabytics.com\/en\/wp-json\/wp\/v2\/pages\/13627\/revisions"}],"predecessor-version":[{"id":14390,"href":"https:\/\/reliabytics.com\/en\/wp-json\/wp\/v2\/pages\/13627\/revisions\/14390"}],"wp:attachment":[{"href":"https:\/\/reliabytics.com\/en\/wp-json\/wp\/v2\/media?parent=13627"}],"curies":[{"name":"wp","href":"https:\/\/api.w.org\/{rel}","templated":true}]}}