{"id":14687,"date":"2026-03-14T14:50:43","date_gmt":"2026-03-14T10:50:43","guid":{"rendered":"https:\/\/reliabytics.com\/?page_id=14687"},"modified":"2026-03-15T20:53:19","modified_gmt":"2026-03-15T16:53:19","slug":"terminos-y-condiciones","status":"publish","type":"page","link":"https:\/\/reliabytics.com\/en\/terminos-y-condiciones\/","title":{"rendered":"Terms and conditions"},"content":{"rendered":"<div data-elementor-type=\"wp-page\" data-elementor-id=\"14687\" class=\"elementor elementor-14687\" data-elementor-post-type=\"page\">\n\t\t\t\t\t\t<section class=\"elementor-section elementor-top-section elementor-element elementor-element-bcc74d3 elementor-section-boxed elementor-section-height-default elementor-section-height-default wpr-particle-no wpr-jarallax-no wpr-parallax-no wpr-sticky-section-no\" data-id=\"bcc74d3\" data-element_type=\"section\" data-e-type=\"section\">\n\t\t\t\t\t\t<div class=\"elementor-container elementor-column-gap-default\">\n\t\t\t\t\t<div class=\"elementor-column elementor-col-100 elementor-top-column elementor-element elementor-element-59096d1\" data-id=\"59096d1\" data-element_type=\"column\" data-e-type=\"column\">\n\t\t\t<div class=\"elementor-widget-wrap elementor-element-populated\">\n\t\t\t\t\t\t<div class=\"elementor-element elementor-element-71db6a8 elementor-widget elementor-widget-text-editor\" data-id=\"71db6a8\" data-element_type=\"widget\" data-e-type=\"widget\" data-widget_type=\"text-editor.default\">\n\t\t\t\t<div class=\"elementor-widget-container\">\n\t\t\t\t\t\t\t\t\t<h2>TERMS &amp; CONDITIONS<\/h2><h5>Updated on March 12, 2026<\/h5><p>\u00a0<\/p><h3>General Terms<\/h3><p>By accessing and placing an order with ReliabyticsAPM, you confirm that you accept and are bound by the terms of service contained in the following Terms and Conditions. These terms apply to the entire website and to any email or other communication between you and ReliabyticsAPM.<\/p><p>Under no circumstances will the ReliabyticsAPM team be liable for any direct, indirect, special, incidental, or consequential damages, including, but not limited to, loss of data or profits, arising out of the use of or inability to use the materials on this site, even if the ReliabyticsAPM team or an authorized representative has been advised of the possibility of such damages.<\/p><p>If the use of materials from this site results in the need for maintenance, repair, or correction of equipment or data, you will assume any costs arising therefrom.<\/p><p>ReliabyticsAPM will not be liable for any consequences that may occur during the use of our resources. We reserve the right to change prices and revise our resource usage policy at any time.<\/p><p>\u00a0<\/p><h3>License<\/h3><p>ReliabyticsAPM grants you a revocable, non-exclusive, non-transferable, and limited license to download, install, and use the application strictly in accordance with the terms of this Agreement.<\/p><p>These Terms and Conditions constitute a contract between you and ReliabyticsAPM (referred to herein as \u201cReliabyticsAPM\u201d, \u201cwe\u201d or \u201cour\u201d), provider of the ReliabyticsAPM website and the services accessible from that site (collectively referred to as the \u201cReliabyticsAPM Service\u201d).<\/p><p>By using the service, you agree to be bound by these Terms and Conditions. If you do not agree to them, do not use the ReliabyticsAPM Service.<\/p><p>In these Terms, \u201cyou\u201d refers both to you as an individual and to the entity you represent.<\/p><p>If you violate any of these terms, we reserve the right to cancel your account or block access without prior notice.<\/p><p>\u00a0<\/p><h3>Definitions and key terms<\/h3><p><strong>Cookie:<\/strong> A small amount of data generated by a website and stored by your browser. It is used to identify your browser, provide analytics, and remember information about you, such as your preferred language or login details.<\/p><p><strong>Company:<\/strong> Cuando en estos t\u00e9rminos se menciona \u201cEmpresa\u201d, \u201cnosotros\u201d o \u201cnuestro\u201d, se refiere a Reliabytics LLC (2350 SW 27th ST Miami 33145 Florida), responsable de tu informaci\u00f3n seg\u00fan estos t\u00e9rminos.<\/p><p><strong>Country:<\/strong> Location where ReliabyticsAPM or its owners\/founders are located. In this case: United States.<\/p><p><strong>Device:<\/strong> Any internet-connected device such as a phone, tablet, computer, or other device that can access ReliabyticsAPM.<\/p><p><strong>Service:<\/strong> The service provided by ReliabyticsAPM as described on this platform.<\/p><p><strong>Third-party service:<\/strong> Advertisers, contest sponsors, promotional or marketing partners, and others who provide content or services that may be of interest to you.<\/p><p><strong>App\/Application:<\/strong> The ReliabyticsAPM application, that is, the software product mentioned above.<\/p><p><strong>You:<\/strong> Person or entity registered with ReliabyticsAPM to use the services.<\/p><h3>\u00a0<\/h3><h3>Restrictions<\/h3><h5>You agree not to perform or allow others to:<\/h5><p>\u2013 To license, sell, rent, lease, assign, distribute, transmit, host, subcontract or commercially exploit the application.<\/p><p>\u2013 Modify, create derivative works, disassemble, decrypt, recompile or reverse engineer any part of the application.<\/p><p>\u2013 Remove or modify proprietary notices (copyright or trademark) of ReliabyticsAPM or its partners, affiliates or suppliers.<\/p><h3>Returns and Refunds Policy<\/h3><p>Thank you for shopping at ReliabyticsAPM. We appreciate you purchasing the products we develop. We also want to ensure you have a satisfactory experience exploring, evaluating, and buying our products.<\/p><p>As with any shopping experience, there are terms and conditions applicable to transactions on ReliabyticsAPM.<\/p><p>By placing an order or making a purchase, you agree to these terms and the ReliabyticsAPM Privacy Policy.<\/p><p>If for any reason you are not completely satisfied with any product or service we offer, please contact us and we will review the issue with you.<\/p><h3>Your suggestions<\/h3><p>Any comments, ideas, improvements, or suggestions you provide to ReliabyticsAPM regarding the application will be the exclusive property of ReliabyticsAPM.<\/p><p>ReliabyticsAPM may use, copy, modify, publish, or redistribute these suggestions without compensation or acknowledgment.<\/p><h3>Cookies<\/h3><p>ReliabyticsAPM uses cookies to identify the areas of the application you have visited. A cookie is a small data file stored on your computer or mobile device by your browser.<\/p><p>We use them to improve the app's performance and functionality. Without them, some features may not be available.<\/p><p>Browsers allow you to disable cookies, but if you do so some functions may not work correctly.<\/p><h3>Changes to the Terms and Conditions<\/h3><p>ReliabyticsAPM may suspend or discontinue the service (temporarily or permanently) at any time without prior notice.<\/p><h3>You can stop using the service whenever you want.<\/h3><p>If we deactivate your account, you could lose access to the service, your account data, or stored files.<\/p><h3>Intellectual property<\/h3><p>The application and all its content (text, images, software, design, etc.) belong to ReliabyticsAPM or its licensors and are protected by intellectual property laws.<\/p><p>It may not be copied or distributed without prior written permission.<\/p><h3>Limitation of liability<\/h3><p>ReliabyticsAPM's total liability is limited to the amount you paid for the application.<\/p><p>We will not be liable for indirect, incidental, special or consequential damages such as loss of profits, data or business interruptions.<\/p><h3>Contact<\/h3><p>If you have any questions, you can contact us:<\/p><p><strong>Email:<\/strong> <span style=\"text-decoration: underline;\"><a href=\"mailto:support@reliabytics.com\">support@reliabytics.com<\/a><\/span><\/p>\t\t\t\t\t\t\t\t<\/div>\n\t\t\t\t<\/div>\n\t\t\t\t\t<\/div>\n\t\t<\/div>\n\t\t\t\t\t<\/div>\n\t\t<\/section>\n\t\t\t\t<\/div>","protected":false},"excerpt":{"rendered":"<p>T\u00c9RMINOS Y CONDICIONES Actualizado el 12 de marzo de 2026 \u00a0 T\u00e9rminos Generales Al acceder y realizar un pedido en ReliabyticsAPM, confirmas que aceptas y quedas sujeto a los t\u00e9rminos del servicio contenidos en los siguientes T\u00e9rminos y Condiciones. Estos t\u00e9rminos se aplican a todo el sitio web y a cualquier correo electr\u00f3nico u otro tipo de comunicaci\u00f3n entre t\u00fa y ReliabyticsAPM. Bajo ninguna circunstancia el equipo de ReliabyticsAPM ser\u00e1 responsable de da\u00f1os directos, indirectos, especiales, incidentales o consecuentes, incluyendo, pero no limitado a, p\u00e9rdida de datos o beneficios, derivados del uso o de la imposibilidad de usar los materiales de este sitio, incluso si el equipo de ReliabyticsAPM o un representante autorizado ha sido advertido de la posibilidad de tales da\u00f1os. Si el uso de los materiales de este sitio resulta en la necesidad de mantenimiento, reparaci\u00f3n o correcci\u00f3n de equipos o datos, asumir\u00e1s cualquier costo derivado de ello. ReliabyticsAPM no ser\u00e1 responsable de ning\u00fan resultado que pueda ocurrir durante el uso de nuestros recursos. Nos reservamos el derecho de cambiar los precios y revisar la pol\u00edtica de uso de los recursos en cualquier momento. \u00a0 Licencia ReliabyticsAPM te concede una licencia revocable, no exclusiva, no transferible y limitada para descargar, instalar y utilizar la aplicaci\u00f3n estrictamente de acuerdo con los t\u00e9rminos de este Acuerdo. Estos T\u00e9rminos y Condiciones constituyen un contrato entre t\u00fa y ReliabyticsAPM (denominado en este documento como \u201cReliabyticsAPM\u201d, \u201cnosotros\u201d o \u201cnuestro\u201d), proveedor del sitio web de ReliabyticsAPM y de los servicios accesibles desde dicho sitio (colectivamente denominados \u201cServicio ReliabyticsAPM\u201d). Al usar el servicio aceptas quedar sujeto a estos T\u00e9rminos y Condiciones. Si no est\u00e1s de acuerdo con ellos, no utilices el Servicio ReliabyticsAPM. En estos T\u00e9rminos, \u201ct\u00fa\u201d se refiere tanto a ti como individuo como a la entidad que representas. Si incumples cualquiera de estos t\u00e9rminos, nos reservamos el derecho de cancelar tu cuenta o bloquear el acceso sin previo aviso. \u00a0 Definiciones y t\u00e9rminos clave Cookie: Peque\u00f1a cantidad de datos generados por un sitio web y almacenados por tu navegador. Se utiliza para identificar tu navegador, proporcionar an\u00e1lisis y recordar informaci\u00f3n sobre ti, como el idioma preferido o datos de inicio de sesi\u00f3n. Empresa: Cuando en estos t\u00e9rminos se menciona \u201cEmpresa\u201d, \u201cnosotros\u201d o \u201cnuestro\u201d, se refiere a Reliabytics LLC (2350 SW 27th ST Miami 33145 Florida), responsable de tu informaci\u00f3n seg\u00fan estos t\u00e9rminos. Pa\u00eds: Lugar donde se encuentra ReliabyticsAPM o sus propietarios\/fundadores. En este caso: Estados Unidos. Dispositivo: Cualquier dispositivo conectado a internet como tel\u00e9fono, tablet, ordenador u otro dispositivo que pueda acceder a ReliabyticsAPM. Servicio: El servicio proporcionado por ReliabyticsAPM seg\u00fan se describe en esta plataforma. Servicio de terceros: Anunciantes, patrocinadores de concursos, socios promocionales o de marketing y otros que proporcionan contenido o servicios que pueden interesarte. App \/ Aplicaci\u00f3n: La aplicaci\u00f3n ReliabyticsAPM, es decir, el producto de software mencionado anteriormente. T\u00fa: Persona o entidad registrada en ReliabyticsAPM para utilizar los servicios. \u00a0 Restricciones Aceptas no realizar ni permitir que otros: &#8211; Licenciar, vender, alquilar, arrendar, asignar, distribuir, transmitir, alojar, subcontratar o explotar comercialmente la aplicaci\u00f3n. &#8211; Modificar, crear trabajos derivados, desensamblar, descifrar, recompilar o realizar ingenier\u00eda inversa de cualquier parte de la aplicaci\u00f3n. &#8211; Eliminar o modificar avisos de propiedad (copyright o marca) de ReliabyticsAPM o sus socios, afiliados o proveedores. Pol\u00edtica de Devoluciones y Reembolsos Gracias por comprar en ReliabyticsAPM. Apreciamos que adquieras los productos que desarrollamos. Tambi\u00e9n queremos asegurarnos de que tengas una experiencia satisfactoria al explorar, evaluar y comprar nuestros productos. Como en cualquier experiencia de compra, existen t\u00e9rminos y condiciones aplicables a las transacciones en ReliabyticsAPM. Al realizar un pedido o compra, aceptas estos t\u00e9rminos y la Pol\u00edtica de Privacidad de ReliabyticsAPM. Si por cualquier motivo no est\u00e1s completamente satisfecho con alg\u00fan producto o servicio que ofrecemos, cont\u00e1ctanos y revisaremos el problema contigo. Tus sugerencias Cualquier comentario, idea, mejora o sugerencia que proporciones a ReliabyticsAPM con respecto a la aplicaci\u00f3n ser\u00e1 propiedad exclusiva de ReliabyticsAPM. ReliabyticsAPM podr\u00e1 usar, copiar, modificar, publicar o redistribuir estas sugerencias sin compensaci\u00f3n ni reconocimiento. Cookies ReliabyticsAPM utiliza cookies para identificar las \u00e1reas de la aplicaci\u00f3n que has visitado. Una cookie es un peque\u00f1o archivo de datos almacenado en tu ordenador o dispositivo m\u00f3vil por tu navegador. Las usamos para mejorar el rendimiento y la funcionalidad de la aplicaci\u00f3n. Sin ellas, algunas funciones pueden no estar disponibles. Los navegadores permiten desactivar cookies, pero si lo haces es posible que algunas funciones no funcionen correctamente. Cambios en los T\u00e9rminos y Condiciones ReliabyticsAPM puede suspender o detener el servicio (de forma temporal o permanente) en cualquier momento y sin previo aviso. Puedes dejar de usar el servicio cuando quieras. Si desactivamos tu cuenta, podr\u00edas perder acceso al servicio, a los datos de tu cuenta o a archivos almacenados. Propiedad intelectual La aplicaci\u00f3n y todo su contenido (texto, im\u00e1genes, software, dise\u00f1o, etc.) pertenecen a ReliabyticsAPM o sus licenciantes y est\u00e1n protegidos por leyes de propiedad intelectual. No puede copiarse ni distribuirse sin permiso previo por escrito. Limitaci\u00f3n de responsabilidad La responsabilidad total de ReliabyticsAPM se limita al importe que hayas pagado por la aplicaci\u00f3n. No seremos responsables de da\u00f1os indirectos, incidentales, especiales o consecuentes como p\u00e9rdida de beneficios, datos o interrupciones de negocio. Contacto Si tienes preguntas, puedes contactarnos: Email: support@reliabytics.com<\/p>","protected":false},"author":9,"featured_media":0,"parent":0,"menu_order":0,"comment_status":"closed","ping_status":"closed","template":"elementor_header_footer","meta":{"_monsterinsights_skip_tracking":false,"_monsterinsights_sitenote_active":false,"_monsterinsights_sitenote_note":"","_monsterinsights_sitenote_category":0,"footnotes":""},"class_list":["post-14687","page","type-page","status-publish","hentry"],"_links":{"self":[{"href":"https:\/\/reliabytics.com\/en\/wp-json\/wp\/v2\/pages\/14687","targetHints":{"allow":["GET"]}}],"collection":[{"href":"https:\/\/reliabytics.com\/en\/wp-json\/wp\/v2\/pages"}],"about":[{"href":"https:\/\/reliabytics.com\/en\/wp-json\/wp\/v2\/types\/page"}],"author":[{"embeddable":true,"href":"https:\/\/reliabytics.com\/en\/wp-json\/wp\/v2\/users\/9"}],"replies":[{"embeddable":true,"href":"https:\/\/reliabytics.com\/en\/wp-json\/wp\/v2\/comments?post=14687"}],"version-history":[{"count":43,"href":"https:\/\/reliabytics.com\/en\/wp-json\/wp\/v2\/pages\/14687\/revisions"}],"predecessor-version":[{"id":14738,"href":"https:\/\/reliabytics.com\/en\/wp-json\/wp\/v2\/pages\/14687\/revisions\/14738"}],"wp:attachment":[{"href":"https:\/\/reliabytics.com\/en\/wp-json\/wp\/v2\/media?parent=14687"}],"curies":[{"name":"wp","href":"https:\/\/api.w.org\/{rel}","templated":true}]}}